{"id":377,"date":"2020-04-23T19:21:54","date_gmt":"2020-04-23T22:21:54","guid":{"rendered":"https:\/\/sicor.com.ar\/site\/?page_id=377"},"modified":"2020-04-23T19:45:07","modified_gmt":"2020-04-23T22:45:07","slug":"servicios","status":"publish","type":"page","link":"https:\/\/sicor.com.ar\/site\/servicios\/","title":{"rendered":"Servicios"},"content":{"rendered":"\n<div class=\"wp-block-media-text alignwide is-stacked-on-mobile\" style=\"grid-template-columns:18% auto\"><figure class=\"wp-block-media-text__media\"><img loading=\"lazy\" decoding=\"async\" width=\"600\" height=\"600\" src=\"https:\/\/sicor.com.ar\/site\/wp-content\/uploads\/2020\/04\/Servicios-Capacitacion.jpg\" alt=\"\" class=\"wp-image-367\" srcset=\"https:\/\/sicor.com.ar\/site\/wp-content\/uploads\/2020\/04\/Servicios-Capacitacion.jpg 600w, https:\/\/sicor.com.ar\/site\/wp-content\/uploads\/2020\/04\/Servicios-Capacitacion-300x300.jpg 300w, https:\/\/sicor.com.ar\/site\/wp-content\/uploads\/2020\/04\/Servicios-Capacitacion-150x150.jpg 150w, https:\/\/sicor.com.ar\/site\/wp-content\/uploads\/2020\/04\/Servicios-Capacitacion-250x250.jpg 250w, https:\/\/sicor.com.ar\/site\/wp-content\/uploads\/2020\/04\/Servicios-Capacitacion-174x174.jpg 174w\" sizes=\"auto, (max-width: 600px) 100vw, 600px\" \/><\/figure><div class=\"wp-block-media-text__content\">\n<h5 class=\"has-text-align-right wp-block-heading\">SICor Inform\u00e1tica brinda con sus productos, los servicios de instalaci\u00f3n, configuraci\u00f3n y puesta en marcha de los sistemas. Tambi\u00e9n cuenta con la capacitaci\u00f3n de los usuarios.<\/h5>\n<\/div><\/div>\n\n\n\n<div class=\"wp-block-media-text alignwide is-stacked-on-mobile\" style=\"grid-template-columns:18% auto\"><figure class=\"wp-block-media-text__media\"><img loading=\"lazy\" decoding=\"async\" width=\"600\" height=\"600\" src=\"https:\/\/sicor.com.ar\/site\/wp-content\/uploads\/2020\/04\/Servicios-Multiplataforma.jpg\" alt=\"\" class=\"wp-image-368\" srcset=\"https:\/\/sicor.com.ar\/site\/wp-content\/uploads\/2020\/04\/Servicios-Multiplataforma.jpg 600w, https:\/\/sicor.com.ar\/site\/wp-content\/uploads\/2020\/04\/Servicios-Multiplataforma-300x300.jpg 300w, https:\/\/sicor.com.ar\/site\/wp-content\/uploads\/2020\/04\/Servicios-Multiplataforma-150x150.jpg 150w, https:\/\/sicor.com.ar\/site\/wp-content\/uploads\/2020\/04\/Servicios-Multiplataforma-250x250.jpg 250w, https:\/\/sicor.com.ar\/site\/wp-content\/uploads\/2020\/04\/Servicios-Multiplataforma-174x174.jpg 174w\" sizes=\"auto, (max-width: 600px) 100vw, 600px\" \/><\/figure><div class=\"wp-block-media-text__content\">\n<h5 class=\"has-text-align-right wp-block-heading\">Desarrollamos cualquier aplicaci\u00f3n a medida que su emprendimiento necesite, incluyendo diferentes plataformas (web, dispositivos m\u00f3viles y programas de escritorio).<\/h5>\n<\/div><\/div>\n\n\n\n<div class=\"wp-block-media-text alignwide is-stacked-on-mobile\" style=\"grid-template-columns:18% auto\"><figure class=\"wp-block-media-text__media\"><img loading=\"lazy\" decoding=\"async\" width=\"600\" height=\"600\" src=\"https:\/\/sicor.com.ar\/site\/wp-content\/uploads\/2020\/04\/Servicios-Acceso.Remoto.jpg\" alt=\"\" class=\"wp-image-369\" srcset=\"https:\/\/sicor.com.ar\/site\/wp-content\/uploads\/2020\/04\/Servicios-Acceso.Remoto.jpg 600w, https:\/\/sicor.com.ar\/site\/wp-content\/uploads\/2020\/04\/Servicios-Acceso.Remoto-300x300.jpg 300w, https:\/\/sicor.com.ar\/site\/wp-content\/uploads\/2020\/04\/Servicios-Acceso.Remoto-150x150.jpg 150w, https:\/\/sicor.com.ar\/site\/wp-content\/uploads\/2020\/04\/Servicios-Acceso.Remoto-250x250.jpg 250w, https:\/\/sicor.com.ar\/site\/wp-content\/uploads\/2020\/04\/Servicios-Acceso.Remoto-174x174.jpg 174w\" sizes=\"auto, (max-width: 600px) 100vw, 600px\" \/><\/figure><div class=\"wp-block-media-text__content\">\n<h5 class=\"has-text-align-right wp-block-heading\">Configuramos su sistema operativo para soportar acceso remoto, permitiendo ejecutar nuestros sistemas desde un terminal (pc o notebook) conectado por internet.<\/h5>\n<\/div><\/div>\n\n\n\n<div class=\"wp-block-media-text alignwide is-stacked-on-mobile\" style=\"grid-template-columns:18% auto\"><figure class=\"wp-block-media-text__media\"><img loading=\"lazy\" decoding=\"async\" width=\"600\" height=\"600\" src=\"https:\/\/sicor.com.ar\/site\/wp-content\/uploads\/2020\/04\/Servicios-Asesoramiento.jpg\" alt=\"\" class=\"wp-image-366\" srcset=\"https:\/\/sicor.com.ar\/site\/wp-content\/uploads\/2020\/04\/Servicios-Asesoramiento.jpg 600w, https:\/\/sicor.com.ar\/site\/wp-content\/uploads\/2020\/04\/Servicios-Asesoramiento-300x300.jpg 300w, https:\/\/sicor.com.ar\/site\/wp-content\/uploads\/2020\/04\/Servicios-Asesoramiento-150x150.jpg 150w, https:\/\/sicor.com.ar\/site\/wp-content\/uploads\/2020\/04\/Servicios-Asesoramiento-250x250.jpg 250w, https:\/\/sicor.com.ar\/site\/wp-content\/uploads\/2020\/04\/Servicios-Asesoramiento-174x174.jpg 174w\" sizes=\"auto, (max-width: 600px) 100vw, 600px\" \/><\/figure><div class=\"wp-block-media-text__content\">\n<h5 class=\"has-text-align-right wp-block-heading\">Brindamos todo tipo de asesoramiento profesional para optimizar sus procesos administrativos, contables, productivos, inform\u00e1ticos, financieros e impositivos.<\/h5>\n<\/div><\/div>\n\n\n\n<div class=\"wp-block-media-text alignwide is-stacked-on-mobile\" style=\"grid-template-columns:18% auto\"><figure class=\"wp-block-media-text__media\"><img loading=\"lazy\" decoding=\"async\" width=\"600\" height=\"600\" src=\"https:\/\/sicor.com.ar\/site\/wp-content\/uploads\/2020\/04\/Servicios-Redes.Sociales.jpg\" alt=\"\" class=\"wp-image-365\" srcset=\"https:\/\/sicor.com.ar\/site\/wp-content\/uploads\/2020\/04\/Servicios-Redes.Sociales.jpg 600w, https:\/\/sicor.com.ar\/site\/wp-content\/uploads\/2020\/04\/Servicios-Redes.Sociales-300x300.jpg 300w, https:\/\/sicor.com.ar\/site\/wp-content\/uploads\/2020\/04\/Servicios-Redes.Sociales-150x150.jpg 150w, https:\/\/sicor.com.ar\/site\/wp-content\/uploads\/2020\/04\/Servicios-Redes.Sociales-250x250.jpg 250w, https:\/\/sicor.com.ar\/site\/wp-content\/uploads\/2020\/04\/Servicios-Redes.Sociales-174x174.jpg 174w\" sizes=\"auto, (max-width: 600px) 100vw, 600px\" \/><\/figure><div class=\"wp-block-media-text__content\">\n<h5 class=\"has-text-align-right wp-block-heading\">Soportes para redes sociales.<\/h5>\n<\/div><\/div>\n","protected":false},"excerpt":{"rendered":"<p>SICor Inform\u00e1tica brinda con sus productos, los servicios de instalaci\u00f3n, configuraci\u00f3n y puesta en marcha de los sistemas. Tambi\u00e9n cuenta con la capacitaci\u00f3n de los usuarios. Desarrollamos cualquier aplicaci\u00f3n a medida que su emprendimiento necesite, incluyendo diferentes plataformas (web, dispositivos m\u00f3viles y programas de escritorio). Configuramos su sistema operativo para soportar acceso remoto, permitiendo ejecutar <a href=\"https:\/\/sicor.com.ar\/site\/servicios\/\" rel=\"nofollow\"><span class=\"sr-only\">Leer m\u00e1sServicios<\/span>[&hellip;]<\/a><\/p>\n","protected":false},"author":2,"featured_media":0,"parent":0,"menu_order":0,"comment_status":"closed","ping_status":"closed","template":"","meta":{"footnotes":""},"class_list":["post-377","page","type-page","status-publish","hentry"],"_links":{"self":[{"href":"https:\/\/sicor.com.ar\/site\/wp-json\/wp\/v2\/pages\/377","targetHints":{"allow":["GET"]}}],"collection":[{"href":"https:\/\/sicor.com.ar\/site\/wp-json\/wp\/v2\/pages"}],"about":[{"href":"https:\/\/sicor.com.ar\/site\/wp-json\/wp\/v2\/types\/page"}],"author":[{"embeddable":true,"href":"https:\/\/sicor.com.ar\/site\/wp-json\/wp\/v2\/users\/2"}],"replies":[{"embeddable":true,"href":"https:\/\/sicor.com.ar\/site\/wp-json\/wp\/v2\/comments?post=377"}],"version-history":[{"count":6,"href":"https:\/\/sicor.com.ar\/site\/wp-json\/wp\/v2\/pages\/377\/revisions"}],"predecessor-version":[{"id":393,"href":"https:\/\/sicor.com.ar\/site\/wp-json\/wp\/v2\/pages\/377\/revisions\/393"}],"wp:attachment":[{"href":"https:\/\/sicor.com.ar\/site\/wp-json\/wp\/v2\/media?parent=377"}],"curies":[{"name":"wp","href":"https:\/\/api.w.org\/{rel}","templated":true}]}}